{"id":2257,"date":"2026-04-07T08:42:19","date_gmt":"2026-04-07T06:42:19","guid":{"rendered":"https:\/\/blackout-ready.de\/?page_id=2257"},"modified":"2026-04-22T05:32:15","modified_gmt":"2026-04-22T03:32:15","slug":"aviso-legal","status":"publish","type":"page","link":"https:\/\/blackout-ready.de\/es\/aviso-legal\/","title":{"rendered":"Aviso Legal"},"content":{"rendered":"\n<p>Datos del responsable conforme a la normativa aplicable:<\/p>\n\n\n<p>Manuel Pleuger Requena<br>Pannenberg 113<br>51469 Bergisch Gladbach<br>Alemania<\/p>\n\n\n<p>Correo electr\u00f3nico: <a>your.partner.network@gmail.com<\/a><\/p>\n\n\n<p>NIF\/CIF (N\u00famero de identificaci\u00f3n fiscal alem\u00e1n):<br>Umsatzsteuer-Identifikationsnummer (\u00a727a UStG):<br>DE460683014<\/p>\n\n\n<h2 class=\"wp-block-heading\">Responsable del contenido:<\/h2>\n\n\n<p>Manuel Pleuger Requena<br>Pannenberg 113<br>51469 Bergisch Gladbach<br>Alemania<\/p>\n\n\n<h2 class=\"wp-block-heading\">Aviso de afiliados<\/h2>\n\n\n<p>Los contenidos de este sitio web contienen en parte los denominados enlaces de afiliados. Si compras un producto a trav\u00e9s de uno de estos enlaces, es posible que recibamos una comisi\u00f3n. Para ti no supone ning\u00fan coste adicional.<\/p>\n\n\n<h2 class=\"wp-block-heading\">Responsabilidad por los contenidos<\/h2>\n\n\n<p>Los contenidos de nuestras p\u00e1ginas han sido elaborados con el m\u00e1ximo cuidado. Sin embargo, no podemos garantizar la exactitud, integridad y actualidad de los contenidos.<\/p>\n\n\n<h2 class=\"wp-block-heading\">Responsabilidad por enlaces<\/h2>\n\n\n<p>Nuestro sitio web contiene enlaces a sitios web externos de terceros sobre cuyos contenidos no tenemos ninguna influencia. Por tanto, tampoco podemos asumir ninguna responsabilidad por dichos contenidos externos.<\/p>\n","protected":false},"excerpt":{"rendered":"<p>Datos del responsable conforme a la normativa aplicable: Manuel Pleuger RequenaPannenberg 11351469 Bergisch GladbachAlemania Correo electr\u00f3nico: your.partner.network@gmail.com NIF\/CIF (N\u00famero de identificaci\u00f3n fiscal alem\u00e1n):Umsatzsteuer-Identifikationsnummer (\u00a727a UStG):DE460683014 Responsable del contenido: Manuel Pleuger RequenaPannenberg 11351469 Bergisch GladbachAlemania Aviso de afiliados Los contenidos de este sitio web contienen en parte los denominados enlaces de afiliados. Si compras un producto [&hellip;]<\/p>\n","protected":false},"author":1,"featured_media":0,"parent":0,"menu_order":0,"comment_status":"closed","ping_status":"closed","template":"","meta":{"site-sidebar-layout":"default","site-content-layout":"","ast-site-content-layout":"default","site-content-style":"default","site-sidebar-style":"default","ast-global-header-display":"","ast-banner-title-visibility":"","ast-main-header-display":"","ast-hfb-above-header-display":"","ast-hfb-below-header-display":"","ast-hfb-mobile-header-display":"","site-post-title":"","ast-breadcrumbs-content":"","ast-featured-img":"","footer-sml-layout":"","ast-disable-related-posts":"","theme-transparent-header-meta":"","adv-header-id-meta":"","stick-header-meta":"","header-above-stick-meta":"","header-main-stick-meta":"","header-below-stick-meta":"","astra-migrate-meta-layouts":"set","ast-page-background-enabled":"default","ast-page-background-meta":{"desktop":{"background-color":"","background-image":"","background-repeat":"repeat","background-position":"center center","background-size":"auto","background-attachment":"scroll","background-type":"","background-media":"","overlay-type":"","overlay-color":"","overlay-opacity":"","overlay-gradient":""},"tablet":{"background-color":"","background-image":"","background-repeat":"repeat","background-position":"center center","background-size":"auto","background-attachment":"scroll","background-type":"","background-media":"","overlay-type":"","overlay-color":"","overlay-opacity":"","overlay-gradient":""},"mobile":{"background-color":"","background-image":"","background-repeat":"repeat","background-position":"center center","background-size":"auto","background-attachment":"scroll","background-type":"","background-media":"","overlay-type":"","overlay-color":"","overlay-opacity":"","overlay-gradient":""}},"ast-content-background-meta":{"desktop":{"background-color":"var(--ast-global-color-5)","background-image":"","background-repeat":"repeat","background-position":"center center","background-size":"auto","background-attachment":"scroll","background-type":"","background-media":"","overlay-type":"","overlay-color":"","overlay-opacity":"","overlay-gradient":""},"tablet":{"background-color":"var(--ast-global-color-5)","background-image":"","background-repeat":"repeat","background-position":"center center","background-size":"auto","background-attachment":"scroll","background-type":"","background-media":"","overlay-type":"","overlay-color":"","overlay-opacity":"","overlay-gradient":""},"mobile":{"background-color":"var(--ast-global-color-5)","background-image":"","background-repeat":"repeat","background-position":"center center","background-size":"auto","background-attachment":"scroll","background-type":"","background-media":"","overlay-type":"","overlay-color":"","overlay-opacity":"","overlay-gradient":""}},"footnotes":""},"class_list":["post-2257","page","type-page","status-publish","hentry"],"_links":{"self":[{"href":"https:\/\/blackout-ready.de\/es\/wp-json\/wp\/v2\/pages\/2257","targetHints":{"allow":["GET"]}}],"collection":[{"href":"https:\/\/blackout-ready.de\/es\/wp-json\/wp\/v2\/pages"}],"about":[{"href":"https:\/\/blackout-ready.de\/es\/wp-json\/wp\/v2\/types\/page"}],"author":[{"embeddable":true,"href":"https:\/\/blackout-ready.de\/es\/wp-json\/wp\/v2\/users\/1"}],"replies":[{"embeddable":true,"href":"https:\/\/blackout-ready.de\/es\/wp-json\/wp\/v2\/comments?post=2257"}],"version-history":[{"count":1,"href":"https:\/\/blackout-ready.de\/es\/wp-json\/wp\/v2\/pages\/2257\/revisions"}],"predecessor-version":[{"id":2258,"href":"https:\/\/blackout-ready.de\/es\/wp-json\/wp\/v2\/pages\/2257\/revisions\/2258"}],"wp:attachment":[{"href":"https:\/\/blackout-ready.de\/es\/wp-json\/wp\/v2\/media?parent=2257"}],"curies":[{"name":"wp","href":"https:\/\/api.w.org\/{rel}","templated":true}]}}