{"id":2228,"date":"2026-04-07T08:32:24","date_gmt":"2026-04-07T06:32:24","guid":{"rendered":"https:\/\/blackout-ready.de\/?page_id=2228"},"modified":"2026-04-21T18:50:54","modified_gmt":"2026-04-21T16:50:54","slug":"sobre-nosotros-blackout-ready","status":"publish","type":"page","link":"https:\/\/blackout-ready.de\/es\/sobre-nosotros-blackout-ready\/","title":{"rendered":"Sobre nosotros \u2013 Blackout Ready"},"content":{"rendered":"\n<h1 class=\"wp-block-heading has-text-align-center\">Sobre nosotros \u2013 Blackout Ready<\/h1>\n\n\n<p>Los apagones y los cortes de luz a gran escala ya no son un escenario te\u00f3rico \u2014 son un peligro real para el que todo el mundo deber\u00eda estar preparado.<\/p>\n\n\n<p>Exactamente por eso naci\u00f3 <strong>blackout-ready.de<\/strong>.<\/p>\n\n\n<h2 class=\"wp-block-heading\">Nuestra misi\u00f3n<\/h2>\n\n\n<p>Nuestro objetivo es mostrarte c\u00f3mo puedes prepararte para un apag\u00f3n de forma <strong>sencilla, realista y sin alarmismo<\/strong>.<\/p>\n\n\n<p>Creemos que:<\/p>\n\n\n<ul class=\"wp-block-list\">\n<li>La preparaci\u00f3n es mejor que la improvisaci\u00f3n<\/li>\n\n\n<li>Cualquier persona puede protegerse con medios sencillos<\/li>\n\n\n<li>El conocimiento es el factor m\u00e1s importante en una emergencia<\/li>\n<\/ul>\n\n\n<h2 class=\"wp-block-heading\">Qu\u00e9 encontrar\u00e1s aqu\u00ed<\/h2>\n\n\n<p>En blackout-ready.de encontrar\u00e1s:<\/p>\n\n\n<ul class=\"wp-block-list\">\n<li>gu\u00edas pr\u00e1cticas para situaciones de emergencia<\/li>\n\n\n<li>explicaciones claras sin tecnicismos<\/li>\n\n\n<li>recomendaciones concretas de equipo \u00fatil<\/li>\n\n\n<li>listas de verificaci\u00f3n estructuradas para tu preparaci\u00f3n<\/li>\n<\/ul>\n\n\n<p>\ud83d\udc49 Todos los contenidos est\u00e1n dise\u00f1ados para ayudarte de verdad cuando llegue el momento cr\u00edtico.<\/p>\n\n\n<h2 class=\"wp-block-heading\">Nuestro enfoque<\/h2>\n\n\n<p>Seguimos un enfoque claro:<\/p>\n\n\n<p>\ud83d\udc49 <strong>La pr\u00e1ctica antes que la teor\u00eda<\/strong><\/p>\n\n\n<p>Eso significa:<\/p>\n\n\n<ul class=\"wp-block-list\">\n<li>sin alarmismo innecesario<\/li>\n\n\n<li>sin escenarios de prepper irrealistas<\/li>\n\n\n<li>enfoque en lo que realmente es aplicable en el d\u00eda a d\u00eda<\/li>\n<\/ul>\n\n\n<h2 class=\"wp-block-heading\">Recomendaciones de productos y transparencia<\/h2>\n\n\n<p>Algunos de nuestros contenidos incluyen recomendaciones de productos que pueden ser \u00fatiles en un apag\u00f3n (p. ej. mochilas de emergencia, filtros de agua o hornillos).<\/p>\n\n\n<p>\ud83d\udc49 Si compras a trav\u00e9s de uno de nuestros enlaces, es posible que recibamos una comisi\u00f3n.<br>Para ti eso <strong>no supone ning\u00fan coste adicional<\/strong>.<\/p>\n\n\n<p>Importante:<br>Solo recomendamos productos que nosotros mismos consideramos \u00fatiles.<\/p>\n\n\n<h2 class=\"wp-block-heading\">Fuentes y base<\/h2>\n\n\n<p>Nuestros contenidos se basan, entre otras cosas, en:<\/p>\n\n\n<ul class=\"wp-block-list\">\n<li>recomendaciones oficiales de protecci\u00f3n civil<\/li>\n\n\n<li>experiencia pr\u00e1ctica e investigaci\u00f3n propia<\/li>\n\n\n<li>escenarios realistas de Europa<\/li>\n<\/ul>\n\n\n<h2 class=\"wp-block-heading\">Por qu\u00e9 esto es importante<\/h2>\n\n\n<p>Un apag\u00f3n puede afectar a cualquiera \u2014 independientemente del lugar de residencia o el estilo de vida.<\/p>\n\n\n<p>Con la preparaci\u00f3n adecuada puedes:<\/p>\n\n\n<ul class=\"wp-block-list\">\n<li>mantener la calma<\/li>\n\n\n<li>seguir siendo capaz de actuar<\/li>\n\n\n<li>protegerte a ti y a tu familia<\/li>\n<\/ul>\n\n\n<h2 class=\"wp-block-heading\">Contacto<\/h2>\n\n\n<p>Si tienes preguntas o sugerencias, puedes contactarnos en cualquier momento.<\/p>\n","protected":false},"excerpt":{"rendered":"<p>Sobre nosotros \u2013 Blackout Ready Los apagones y los cortes de luz a gran escala ya no son un escenario te\u00f3rico \u2014 son un peligro real para el que todo el mundo deber\u00eda estar preparado. Exactamente por eso naci\u00f3 blackout-ready.de. Nuestra misi\u00f3n Nuestro objetivo es mostrarte c\u00f3mo puedes prepararte para un apag\u00f3n de forma sencilla, [&hellip;]<\/p>\n","protected":false},"author":1,"featured_media":0,"parent":0,"menu_order":0,"comment_status":"closed","ping_status":"closed","template":"","meta":{"site-sidebar-layout":"default","site-content-layout":"","ast-site-content-layout":"default","site-content-style":"default","site-sidebar-style":"default","ast-global-header-display":"","ast-banner-title-visibility":"","ast-main-header-display":"","ast-hfb-above-header-display":"","ast-hfb-below-header-display":"","ast-hfb-mobile-header-display":"","site-post-title":"","ast-breadcrumbs-content":"","ast-featured-img":"","footer-sml-layout":"","ast-disable-related-posts":"","theme-transparent-header-meta":"","adv-header-id-meta":"","stick-header-meta":"","header-above-stick-meta":"","header-main-stick-meta":"","header-below-stick-meta":"","astra-migrate-meta-layouts":"set","ast-page-background-enabled":"default","ast-page-background-meta":{"desktop":{"background-color":"","background-image":"","background-repeat":"repeat","background-position":"center center","background-size":"auto","background-attachment":"scroll","background-type":"","background-media":"","overlay-type":"","overlay-color":"","overlay-opacity":"","overlay-gradient":""},"tablet":{"background-color":"","background-image":"","background-repeat":"repeat","background-position":"center center","background-size":"auto","background-attachment":"scroll","background-type":"","background-media":"","overlay-type":"","overlay-color":"","overlay-opacity":"","overlay-gradient":""},"mobile":{"background-color":"","background-image":"","background-repeat":"repeat","background-position":"center center","background-size":"auto","background-attachment":"scroll","background-type":"","background-media":"","overlay-type":"","overlay-color":"","overlay-opacity":"","overlay-gradient":""}},"ast-content-background-meta":{"desktop":{"background-color":"var(--ast-global-color-5)","background-image":"","background-repeat":"repeat","background-position":"center center","background-size":"auto","background-attachment":"scroll","background-type":"","background-media":"","overlay-type":"","overlay-color":"","overlay-opacity":"","overlay-gradient":""},"tablet":{"background-color":"var(--ast-global-color-5)","background-image":"","background-repeat":"repeat","background-position":"center center","background-size":"auto","background-attachment":"scroll","background-type":"","background-media":"","overlay-type":"","overlay-color":"","overlay-opacity":"","overlay-gradient":""},"mobile":{"background-color":"var(--ast-global-color-5)","background-image":"","background-repeat":"repeat","background-position":"center center","background-size":"auto","background-attachment":"scroll","background-type":"","background-media":"","overlay-type":"","overlay-color":"","overlay-opacity":"","overlay-gradient":""}},"footnotes":""},"class_list":["post-2228","page","type-page","status-publish","hentry"],"_links":{"self":[{"href":"https:\/\/blackout-ready.de\/es\/wp-json\/wp\/v2\/pages\/2228","targetHints":{"allow":["GET"]}}],"collection":[{"href":"https:\/\/blackout-ready.de\/es\/wp-json\/wp\/v2\/pages"}],"about":[{"href":"https:\/\/blackout-ready.de\/es\/wp-json\/wp\/v2\/types\/page"}],"author":[{"embeddable":true,"href":"https:\/\/blackout-ready.de\/es\/wp-json\/wp\/v2\/users\/1"}],"replies":[{"embeddable":true,"href":"https:\/\/blackout-ready.de\/es\/wp-json\/wp\/v2\/comments?post=2228"}],"version-history":[{"count":1,"href":"https:\/\/blackout-ready.de\/es\/wp-json\/wp\/v2\/pages\/2228\/revisions"}],"predecessor-version":[{"id":2229,"href":"https:\/\/blackout-ready.de\/es\/wp-json\/wp\/v2\/pages\/2228\/revisions\/2229"}],"wp:attachment":[{"href":"https:\/\/blackout-ready.de\/es\/wp-json\/wp\/v2\/media?parent=2228"}],"curies":[{"name":"wp","href":"https:\/\/api.w.org\/{rel}","templated":true}]}}