{"id":2215,"date":"2026-04-04T12:49:43","date_gmt":"2026-04-04T10:49:43","guid":{"rendered":"https:\/\/blackout-ready.de\/?page_id=2215"},"modified":"2026-04-23T09:40:23","modified_gmt":"2026-04-23T07:40:23","slug":"lista-de-verificacion-para-el-apagon","status":"publish","type":"page","link":"https:\/\/blackout-ready.de\/es\/lista-de-verificacion-para-el-apagon\/","title":{"rendered":"Lista de verificaci\u00f3n para el apag\u00f3n"},"content":{"rendered":"\n<div style=\"height:53px\" aria-hidden=\"true\" class=\"wp-block-spacer\"><\/div>\n\n\n\n<h2 class=\"wp-block-heading\">Introducci\u00f3n<\/h2>\n\n\n\n<p>Con esta lista de verificaci\u00f3n para el apag\u00f3n estar\u00e1s perfectamente preparado y sabr\u00e1s exactamente qu\u00e9 equipo necesitas en caso de emergencia.<\/p>\n\n\n\n<p>Un apag\u00f3n puede ocurrir en cualquier momento y paralizar completamente la vida cotidiana.<\/p>\n\n\n\n<p>Sin preparaci\u00f3n, esto puede volverse peligroso r\u00e1pidamente \u2014 especialmente en cortes de luz prolongados.<\/p>\n\n\n\n<p>Con la lista de verificaci\u00f3n adecuada estar\u00e1s \u00f3ptimamente preparado y podr\u00e1s actuar con calma y seguridad.<\/p>\n\n\n\n<figure class=\"wp-block-image aligncenter size-full is-resized\"><img loading=\"lazy\" decoding=\"async\" width=\"1280\" height=\"853\" src=\"https:\/\/blackout-ready.de\/wp-content\/uploads\/2026\/04\/g751d204835cab42939260c0b91144f2589ec3021cb9da7995e332f60aaf2033acbb3056d6b5e645230976cf2bf95d1c14a4131a0ca5afbaa7f4b9fd1571a5437_1280-2281668.jpg\" alt=\"winter, knife, compass, zalesactvo, nature, survival, forest, survival, survival, survival, survival, survival\" class=\"wp-image-606\" style=\"aspect-ratio:1.5006480499587604;width:615px;height:auto\" title=\"Lista de verificaci\u00f3n para el apag\u00f3n\"><\/figure>\n\n\n\n<p><strong>Aviso: Como colaborador de Amazon ganamos en compras cualificadas.<br>Para ti no supone ning\u00fan coste adicional.<\/strong><\/p>\n\n\n\n<h2 class=\"wp-block-heading\">Por qu\u00e9 la preparaci\u00f3n es tan importante<\/h2>\n\n\n\n<p>Un corte de luz afecta a muchos \u00e1mbitos al mismo tiempo:<\/p>\n\n\n\n<ul class=\"wp-block-list\">\n<li>Suministro de agua<\/li>\n\n\n\n<li>Electricidad<\/li>\n\n\n\n<li>Comunicaci\u00f3n<\/li>\n\n\n\n<li>Alimentaci\u00f3n<\/li>\n<\/ul>\n\n\n\n<p>Quien est\u00e1 preparado puede gestionar estos problemas mucho mejor.<\/p>\n\n\n\n<h2 class=\"wp-block-heading\">La lista de verificaci\u00f3n m\u00e1s importante para el apag\u00f3n<\/h2>\n\n\n\n<h3 class=\"wp-block-heading\">Agua<\/h3>\n\n\n\n<ul class=\"wp-block-list\">\n<li>2\u20133 litros de agua por persona y d\u00eda<\/li>\n\n\n\n<li>Reserva para al menos 7 d\u00edas<\/li>\n\n\n\n<li>Filtro de agua para mayor seguridad<\/li>\n<\/ul>\n\n\n\n<p>\ud83d\udc49 M\u00e1s informaci\u00f3n:<br><a href=\"https:\/\/blackout-ready.de\/es\/suministro-de-agua-en-el-apagon\/\" data-type=\"page\" data-id=\"2222\" target=\"_blank\" rel=\"noreferrer noopener\"><mark style=\"background-color:rgba(0, 0, 0, 0);color:#0693e3\" class=\"has-inline-color\">Suministro de agua en el apag\u00f3n<\/mark><\/a><\/p>\n\n\n\n<h3 class=\"wp-block-heading\">Alimentaci\u00f3n<\/h3>\n\n\n\n<ul class=\"wp-block-list\">\n<li>Alimentos no perecederos (conservas, arroz, pasta)<\/li>\n\n\n\n<li>Alimentos que no requieran refrigeraci\u00f3n<\/li>\n\n\n\n<li>Reserva para varios d\u00edas<\/li>\n<\/ul>\n\n\n\n<p>\ud83d\udc49 Complementario:<br><a href=\"https:\/\/blackout-ready.de\/es\/cocinar-sin-electricidad-como-cocinar-de-forma-segura-y-sencilla-en-un-apagon\/\" data-type=\"page\" data-id=\"2200\" target=\"_blank\" rel=\"noreferrer noopener\"><mark style=\"background-color:rgba(0, 0, 0, 0);color:#0693e3\" class=\"has-inline-color\">Cocinar sin electricidad<\/mark><\/a><\/p>\n\n\n\n<h3 class=\"wp-block-heading\">Electricidad<\/h3>\n\n\n\n<ul class=\"wp-block-list\">\n<li>Generador de emergencia o powerstation<\/li>\n\n\n\n<li>Pilas de repuesto<\/li>\n\n\n\n<li>Linternas<\/li>\n<\/ul>\n\n\n\n<p>\ud83d\udc49 Las mejores soluciones:<br><a href=\"https:\/\/blackout-ready.de\/es\/las-mejores-powerstations-para-el-apagon-2026-comparativa-completa\/\" data-type=\"page\" data-id=\"2206\" target=\"_blank\" rel=\"noreferrer noopener\"><mark style=\"background-color:rgba(0, 0, 0, 0);color:#0693e3\" class=\"has-inline-color\">Ver an\u00e1lisis de generadores de emergencia<\/mark><\/a><\/p>\n\n\n\n<h3 class=\"wp-block-heading\">Comunicaci\u00f3n<\/h3>\n\n\n\n<ul class=\"wp-block-list\">\n<li>M\u00f3vil cargado<\/li>\n\n\n\n<li>Powerbank<\/li>\n\n\n\n<li>Radio (preferiblemente de manivela)<\/li>\n<\/ul>\n\n\n\n<p>As\u00ed te mantendr\u00e1s informado incluso en una emergencia.<\/p>\n\n\n\n<h3 class=\"wp-block-heading\">Equipo de emergencia<\/h3>\n\n\n\n<ul class=\"wp-block-list\">\n<li>Botiqu\u00edn de primeros auxilios<\/li>\n\n\n\n<li>Medicamentos<\/li>\n\n\n\n<li>Efectivo<\/li>\n\n\n\n<li>Documentos importantes<\/li>\n<\/ul>\n\n\n\n<p>Estas cosas se subestiman a menudo, pero son extremadamente importantes.<\/p>\n\n\n\n<h2 class=\"wp-block-heading\">Evitar los errores m\u00e1s comunes<\/h2>\n\n\n\n<p>Muchas personas no se preparan lo suficiente.<\/p>\n\n\n\n<p>Errores t\u00edpicos:<\/p>\n\n\n\n<ul class=\"wp-block-list\">\n<li>poca agua almacenada<\/li>\n\n\n\n<li>ninguna soluci\u00f3n para la electricidad<\/li>\n\n\n\n<li>ning\u00fan plan para varios d\u00edas<\/li>\n\n\n\n<li>equipo de emergencia incompleto<\/li>\n<\/ul>\n\n\n\n<p>Una buena preparaci\u00f3n puede ser decisiva en el momento cr\u00edtico.<\/p>\n\n\n\n<p>\ud83d\udc49 Las soluciones m\u00e1s importantes para el apag\u00f3n las encontrar\u00e1s aqu\u00ed:<\/p>\n\n\n\n<ul class=\"wp-block-list\">\n<li><a href=\"https:\/\/blackout-ready.de\/es\/test-de-filtros-de-agua-para-emergencias-2026-los-3-mejores-filtros-comparados\/\" data-type=\"page\" data-id=\"2226\" target=\"_blank\" rel=\"noreferrer noopener\"><mark style=\"background-color:rgba(0, 0, 0, 0);color:#0693e3\" class=\"has-inline-color\">Ver an\u00e1lisis de filtros de agua<\/mark><\/a><\/li>\n\n\n\n<li><a href=\"https:\/\/blackout-ready.de\/es\/las-mejores-powerstations-para-el-apagon-2026-comparativa-completa\/\" data-type=\"page\" data-id=\"2206\" target=\"_blank\" rel=\"noreferrer noopener\"><mark style=\"background-color:rgba(0, 0, 0, 0);color:#0693e3\" class=\"has-inline-color\">Ver an\u00e1lisis de generadores de emergencia<\/mark><\/a><\/li>\n<\/ul>\n\n\n\n<h2 class=\"wp-block-heading\">Conclusi\u00f3n<\/h2>\n\n\n\n<p>Con la preparaci\u00f3n adecuada podr\u00e1s superar con seguridad incluso un apag\u00f3n prolongado.<\/p>\n\n\n\n<p>Una buena planificaci\u00f3n te da seguridad y garantiza que puedas actuar con calma en el momento cr\u00edtico.<\/p>\n","protected":false},"excerpt":{"rendered":"<p>Introducci\u00f3n Con esta lista de verificaci\u00f3n para el apag\u00f3n estar\u00e1s perfectamente preparado y sabr\u00e1s exactamente qu\u00e9 equipo necesitas en caso de emergencia. Un apag\u00f3n puede ocurrir en cualquier momento y paralizar completamente la vida cotidiana. Sin preparaci\u00f3n, esto puede volverse peligroso r\u00e1pidamente \u2014 especialmente en cortes de luz prolongados. Con la lista de verificaci\u00f3n adecuada [&hellip;]<\/p>\n","protected":false},"author":1,"featured_media":0,"parent":0,"menu_order":0,"comment_status":"closed","ping_status":"closed","template":"","meta":{"site-sidebar-layout":"default","site-content-layout":"","ast-site-content-layout":"default","site-content-style":"default","site-sidebar-style":"default","ast-global-header-display":"","ast-banner-title-visibility":"","ast-main-header-display":"","ast-hfb-above-header-display":"","ast-hfb-below-header-display":"","ast-hfb-mobile-header-display":"","site-post-title":"","ast-breadcrumbs-content":"","ast-featured-img":"","footer-sml-layout":"","ast-disable-related-posts":"","theme-transparent-header-meta":"","adv-header-id-meta":"","stick-header-meta":"","header-above-stick-meta":"","header-main-stick-meta":"","header-below-stick-meta":"","astra-migrate-meta-layouts":"set","ast-page-background-enabled":"default","ast-page-background-meta":{"desktop":{"background-color":"","background-image":"","background-repeat":"repeat","background-position":"center center","background-size":"auto","background-attachment":"scroll","background-type":"","background-media":"","overlay-type":"","overlay-color":"","overlay-opacity":"","overlay-gradient":""},"tablet":{"background-color":"","background-image":"","background-repeat":"repeat","background-position":"center center","background-size":"auto","background-attachment":"scroll","background-type":"","background-media":"","overlay-type":"","overlay-color":"","overlay-opacity":"","overlay-gradient":""},"mobile":{"background-color":"","background-image":"","background-repeat":"repeat","background-position":"center center","background-size":"auto","background-attachment":"scroll","background-type":"","background-media":"","overlay-type":"","overlay-color":"","overlay-opacity":"","overlay-gradient":""}},"ast-content-background-meta":{"desktop":{"background-color":"var(--ast-global-color-5)","background-image":"","background-repeat":"repeat","background-position":"center center","background-size":"auto","background-attachment":"scroll","background-type":"","background-media":"","overlay-type":"","overlay-color":"","overlay-opacity":"","overlay-gradient":""},"tablet":{"background-color":"var(--ast-global-color-5)","background-image":"","background-repeat":"repeat","background-position":"center center","background-size":"auto","background-attachment":"scroll","background-type":"","background-media":"","overlay-type":"","overlay-color":"","overlay-opacity":"","overlay-gradient":""},"mobile":{"background-color":"var(--ast-global-color-5)","background-image":"","background-repeat":"repeat","background-position":"center center","background-size":"auto","background-attachment":"scroll","background-type":"","background-media":"","overlay-type":"","overlay-color":"","overlay-opacity":"","overlay-gradient":""}},"footnotes":""},"class_list":["post-2215","page","type-page","status-publish","hentry"],"_links":{"self":[{"href":"https:\/\/blackout-ready.de\/es\/wp-json\/wp\/v2\/pages\/2215","targetHints":{"allow":["GET"]}}],"collection":[{"href":"https:\/\/blackout-ready.de\/es\/wp-json\/wp\/v2\/pages"}],"about":[{"href":"https:\/\/blackout-ready.de\/es\/wp-json\/wp\/v2\/types\/page"}],"author":[{"embeddable":true,"href":"https:\/\/blackout-ready.de\/es\/wp-json\/wp\/v2\/users\/1"}],"replies":[{"embeddable":true,"href":"https:\/\/blackout-ready.de\/es\/wp-json\/wp\/v2\/comments?post=2215"}],"version-history":[{"count":2,"href":"https:\/\/blackout-ready.de\/es\/wp-json\/wp\/v2\/pages\/2215\/revisions"}],"predecessor-version":[{"id":2389,"href":"https:\/\/blackout-ready.de\/es\/wp-json\/wp\/v2\/pages\/2215\/revisions\/2389"}],"wp:attachment":[{"href":"https:\/\/blackout-ready.de\/es\/wp-json\/wp\/v2\/media?parent=2215"}],"curies":[{"name":"wp","href":"https:\/\/api.w.org\/{rel}","templated":true}]}}